{"id":22,"date":"2025-03-05T20:22:26","date_gmt":"2025-03-05T20:22:26","guid":{"rendered":"https:\/\/greatwarcentre.com\/?page_id=22"},"modified":"2026-01-15T17:33:25","modified_gmt":"2026-01-15T17:33:25","slug":"about-ccgw","status":"publish","type":"page","link":"https:\/\/greatwarcentre.com\/fr\/about-ccgw\/","title":{"rendered":"\u00c0 propos"},"content":{"rendered":"<div id=\"cs-content\" class=\"cs-content\"><div class=\"x-section e22-e1 mm-0 mm-1 mm-2 mm-3 mm-4 mm-5\"><div class=\"x-bg\" aria-hidden=\"true\"><div class=\"x-bg-layer-lower-image\"><\/div><\/div><div class=\"x-row x-container max width e22-e2 mm-h mm-i mm-j mm-o mm-p\"><div class=\"x-row-inner\"><div class=\"x-col e22-e3 mm-12 mm-13 mm-14 mm-15 mm-16 mm-17 mm-18\"><div class=\"x-row x-container max width e22-e4 mm-h mm-i mm-j mm-o mm-q\"><div class=\"x-row-inner\"><div class=\"x-col e22-e5 mm-12 mm-13 mm-15 mm-16 mm-19 mm-1a mm-1b\"><div class=\"x-text x-text-headline e22-e6 mm-1r mm-1s mm-1t mm-1u mm-1v mm-1w\"><div class=\"x-text-content\"><div class=\"x-text-content-text\"><h1 class=\"x-text-content-text-primary\">About CCGW<\/h1>\n<\/div><\/div><\/div><div class=\"x-text x-text-headline e22-e7 mm-1r mm-1s mm-1v mm-1x mm-1y\"><div class=\"x-text-content\"><div class=\"x-text-content-text\"><h1 class=\"x-text-content-text-primary\">\u00c0 propos<\/h1>\n<\/div><\/div><\/div><div class=\"x-text x-content e22-e8 mm-27 mm-28 mm-29 mm-2a mm-2b mm-2c mm-2d mm-2e mm-2f mm-2g\"><p>Construire l'avenir en s'appuyant sur le pass\u00e9<\/p><\/div><\/div><div class=\"x-col x-hide-xs e22-e9 mm-15 mm-1c\"><\/div><\/div><\/div><\/div><\/div><\/div><\/div><div class=\"x-section e22-e10 mm-0 mm-1 mm-6 mm-7\"><div class=\"x-row x-container max width e22-e11 mm-h mm-i mm-j mm-o mm-r\"><div class=\"x-row-inner\"><div class=\"x-col x-hide-xs e22-e12 mm-15 mm-18 mm-19 mm-1b mm-1d\"><div class=\"x-div x-container max width x-hide-sm x-hide-xs e22-e13 mm-38 mm-39 mm-3a mm-3b mm-3c mm-3d mm-3e mm-3f\" style=\"--tco-dcm-2:10rem;--tco-dcm-5:200px;--tco-dcm-7:1rem;\"><hr class=\"x-line e22-e14 mm-3z x-line-progress\" style=\"--tco-dcm-8:200px;--tco-dcm-9:0.5rem;--tco-dcm-a:200px;--tco-dcm-b:0.5rem;\"\/><div class=\"x-div x-container max width e22-e15 mm-38 mm-3a mm-3b mm-3e mm-3f mm-3g mm-3h mm-3i mm-3j mm-3k\" style=\"--tco-dcm-e:40px;\"><div class=\"x-div e22-e16 mm-38 mm-3a mm-3b mm-3d mm-3e mm-3f mm-3g mm-3i mm-3j mm-3k mm-3l\"><a class=\"x-anchor x-anchor-button e22-e17 mm-40 mm-41 mm-42 mm-43 mm-44 mm-d mm-e\" tabindex=\"0\" id=\"L1\" style=\"--tco-dcm-f:1.5;--tco-dcm-g:1.5;--tco-dcm-h:1.5;--tco-dcm-i:17.5%;--tco-dcm-j:20px !important;--tco-dcm-k:1rem;--tco-dcm-l:#000000;--tco-dcm-o:#878BC8;--tco-dcm-q:#000000;--tco-dcm-t:#878BC8;--tco-dcm-1a:1.5;--tco-dcm-1b:1.5;--tco-dcm-1c:1.5;--tco-dcm-1d:17.5%;\" href=\"#sec-1\" data-x-effect=\"{&quot;durationBase&quot;:&quot;300ms&quot;}\"><div class=\"x-anchor-content\"><div class=\"x-anchor-text\"><span class=\"x-anchor-text-primary\">Notre mission<\/span><\/div><\/div><\/a><\/div><div class=\"x-div e22-e18 mm-38 mm-3a mm-3b mm-3d mm-3e mm-3f mm-3g mm-3i mm-3j mm-3k mm-3l\"><a class=\"x-anchor x-anchor-button e22-e19 mm-40 mm-41 mm-42 mm-43 mm-45 mm-d mm-f\" tabindex=\"0\" style=\"--tco-dcm-1e:1.5;--tco-dcm-1f:1.5;--tco-dcm-1g:1.5;--tco-dcm-1h:17.5%;--tco-dcm-1i:20px !important;--tco-dcm-1j:1rem;--tco-dcm-1k:#000000;--tco-dcm-1n:#878BC8;--tco-dcm-1p:#000000;--tco-dcm-1s:#878BC8;--tco-dcm-29:1.5;--tco-dcm-2a:1.5;--tco-dcm-2b:1.5;--tco-dcm-2c:17.5%;\" href=\"#sec-2\" data-x-effect=\"{&quot;durationBase&quot;:&quot;300ms&quot;}\"><div class=\"x-anchor-content\"><div class=\"x-anchor-text\"><span class=\"x-anchor-text-primary\">Nos origines<\/span><\/div><\/div><\/a><\/div><div class=\"x-div e22-e20 mm-38 mm-3a mm-3b mm-3d mm-3e mm-3f mm-3g mm-3i mm-3j mm-3k mm-3l\"><a class=\"x-anchor x-anchor-button e22-e21 mm-40 mm-41 mm-42 mm-43 mm-46 mm-d mm-g\" tabindex=\"0\" style=\"--tco-dcm-2d:1.5;--tco-dcm-2e:1.5;--tco-dcm-2f:1.5;--tco-dcm-2g:17.5%;--tco-dcm-2h:20px !important;--tco-dcm-2i:1rem;--tco-dcm-2j:#000000;--tco-dcm-2m:#878BC8;--tco-dcm-2o:#000000;--tco-dcm-2r:#878BC8;--tco-dcm-38:1.5;--tco-dcm-39:1.5;--tco-dcm-3a:1.5;--tco-dcm-3b:17.5%;\" href=\"#sec-3\" data-x-effect=\"{&quot;durationBase&quot;:&quot;300ms&quot;}\"><div class=\"x-anchor-content\"><div class=\"x-anchor-text\"><span class=\"x-anchor-text-primary\">La collection<\/span><\/div><\/div><\/a><\/div><\/div><\/div><\/div><div class=\"x-col e22-e22 mm-15 mm-16 mm-18 mm-19 mm-1e\"><div class=\"x-section e22-e23 mm-0 mm-1 mm-3 mm-4 mm-7 mm-8\"><div class=\"x-row x-container max width e22-e24 mm-h mm-i mm-j mm-o mm-s\"><div class=\"x-row-inner\"><div class=\"x-col e22-e25 mm-15 mm-1c\"><div class=\"x-text x-text-headline e22-e26 mm-1s mm-1t mm-1v mm-1w mm-1y mm-1z mm-20 mm-21\"><div class=\"x-text-content\"><div class=\"x-text-content-text\"><h1 class=\"x-text-content-text-primary\">Notre mission<\/h1>\n<\/div><\/div><\/div><div class=\"x-text x-content e22-e27 mm-27 mm-28 mm-2d mm-2e mm-2g mm-2h mm-2i mm-2j mm-2k mm-2l\"><p>Le Centre canadien pour la Grande Guerre (CCGG) se consacre \u00e0 la conservation des art\u00e9facts et archives li\u00e9s \u00e0 la Premi\u00e8re Guerre mondiale et \u00e0 la sensibilisation du public \u00e0 ce chapitre crucial de l'histoire canadienne.<\/p><\/div><\/div><\/div><\/div><div class=\"x-div x-container max width e22-e28 mm-3b mm-3e mm-3f mm-3j mm-3k mm-3m mm-3n\" id=\"sec-1\"><\/div><\/div><div class=\"x-section e22-e29 mm-0 mm-1 mm-3 mm-4 mm-7 mm-9\" id=\"sec-4\"><div class=\"x-row x-container max width e22-e30 mm-h mm-i mm-j mm-o mm-t\"><div class=\"x-row-inner\"><div class=\"x-col e22-e31 mm-15 mm-1c\"><div class=\"x-text x-text-headline e22-e32 mm-1s mm-1t mm-1w mm-1y mm-20 mm-22\"><div class=\"x-text-content\"><div class=\"x-text-content-text\"><h1 class=\"x-text-content-text-primary\">Mettre notre mission en \u0153uvre<\/h1>\n<\/div><\/div><\/div><div class=\"x-text x-content e22-e33 mm-27 mm-28 mm-2c mm-2e mm-2f mm-2h mm-2k mm-2l mm-2m mm-2n\"><p>En tant que branche mus\u00e9ale de <a style=\"color: #363564; font-weight: 600;\" title=\"la Fondation Vimy\" href=\"https:\/\/fr.vimyfoundation.ca\/\" target=\"_blank\" rel=\"dofollow noopener\">la Fondation Vimy<\/a>, le Centre canadien pour la Grande Guerre s\u2019efforce de valoriser l\u2019histoire canadienne de la Premi\u00e8re Guerre mondiale au sein du r\u00e9cit national, en la pr\u00e9sentant de mani\u00e8re transparente et inclusive. Gr\u00e2ce \u00e0 notre vaste collection, \u00e0 notre pr\u00e9sence num\u00e9rique et \u00e0 nos expositions, nous mettons en lumi\u00e8re l\u2019histoire sociale du conflit \u00e0 travers un regard innovant.<\/p>\n<p>Nous r\u00e9alisons notre mission en :<\/p>\n\n<ul>\n \t<li>Pr\u00e9servant des art\u00e9facts et documents t\u00e9moignant de l\u2019exp\u00e9rience canadienne durant la Grande Guerre;<\/li>\n \t<li>Mettant en valeur nos collections par des expositions (sur place et itin\u00e9rantes) et par le biais de pr\u00eats \u00e0 des institutions nationales et internationales;<\/li>\n \t<li>Collaborant avec des mus\u00e9es, des organismes patrimoniaux et des particuliers pour appuyer la pr\u00e9servation et la mise en valeur de ce patrimoine;<\/li>\n \t<li>Participant \u00e0 diverses initiatives \u00e9ducatives, p\u00e9dagogiques et de recherche.<\/li>\n<\/ul><\/div><\/div><\/div><\/div><\/div><div class=\"x-section e22-e34 mm-0 mm-3 mm-4 mm-7 mm-a mm-b\"><div class=\"x-row x-container max width e22-e35 mm-h mm-i mm-j mm-k mm-o mm-u\"><div class=\"x-row-inner\"><div class=\"x-col e22-e36 mm-15 mm-18 mm-1f mm-1g\"><div class=\"x-text x-text-headline e22-e37 mm-1s mm-1t mm-1v mm-1y mm-1z mm-20 mm-23 mm-24\"><div class=\"x-text-content\"><div class=\"x-text-content-text\"><h1 class=\"x-text-content-text-primary\">Planifiez votre visite d\u00e8s aujourd\u2019hui !<\/h1>\n<\/div><\/div><\/div><div class=\"x-text x-content e22-e38 mm-28 mm-2e mm-2h mm-2i mm-2j mm-2k mm-2m mm-2n mm-2o mm-2p mm-2q\">Profitez d\u2019une visite de nos espaces d\u2019exposition et de collection, situ\u00e9s au c\u0153ur du centre-ville de Montr\u00e9al.<\/div><a class=\"x-div e22-e39 mm-3b mm-3e mm-3f mm-3j mm-3k\" href=\"\/fr\/visit\/\"><div class=\"x-text x-content e22-e40 mm-27 mm-28 mm-29 mm-2b mm-2e mm-2i mm-2k mm-2m mm-2n mm-2r mm-2s mm-2t\"><p>R\u00e9servez...<\/p><\/div><\/a><\/div><div class=\"x-col x-hide-xs e22-e41 mm-15 mm-1c mm-1h mm-1i mm-1j\"><div class=\"x-bg\" aria-hidden=\"true\"><div class=\"x-bg-layer-lower-image\"><\/div><\/div><div class=\"x-div e22-e42 mm-3b mm-3e mm-3f mm-3j mm-3k mm-3o\"><\/div><\/div><\/div><\/div><\/div><div class=\"x-section e22-e43 mm-0 mm-1 mm-3 mm-7 mm-b mm-c\"><div class=\"x-row x-container max width e22-e44 mm-h mm-i mm-j mm-o mm-v\"><div class=\"x-row-inner\"><div class=\"x-col e22-e45 mm-12 mm-15 mm-16 mm-19 mm-1b mm-1k mm-1l\"><div class=\"x-text x-text-headline e22-e46 mm-1s mm-1v mm-1w mm-1y mm-1z mm-20 mm-21 mm-25\"><div class=\"x-text-content\"><div class=\"x-text-content-text\"><h1 class=\"x-text-content-text-primary\">Nos origines<\/h1>\n<\/div><\/div><\/div><\/div><\/div><\/div><div class=\"x-row x-container max width e22-e47 mm-h mm-i mm-l mm-w founding-story\"><div class=\"x-row-inner\"><div class=\"x-col e22-e48 mm-12 mm-15 mm-1c mm-1k\"><span class=\"x-image e22-e49 mm-4a mm-4b\"><img decoding=\"async\" src=\"https:\/\/greatwarcentre.com\/wp-content\/uploads\/2025\/05\/20230908_085003-copy.jpg\" width=\"600\" height=\"446\" alt=\"Image\" loading=\"lazy\"><\/span><div class=\"x-div e22-e50 mm-38 mm-3b mm-3e mm-3g mm-3k mm-3p mm-3q mm-3r toggle-box\"><div class=\"x-anchor x-anchor-button has-graphic e22-e51 mm-41 mm-42 mm-47 mm-48 toggle-button\" tabindex=\"0\"><div class=\"x-anchor-content\"><span class=\"x-graphic\" aria-hidden=\"true\"><i class=\"x-icon x-graphic-child x-graphic-icon x-graphic-primary\" aria-hidden=\"true\" data-x-icon-o=\"&#xe59e;\"><\/i><\/span><\/div><\/div><div class=\"x-div e22-e52 mm-3b mm-3f mm-3k mm-3q mm-3s mm-3t toggle-content\"><div class=\"x-text x-content e22-e53 mm-27 mm-28 mm-2e mm-2f mm-2i mm-2k mm-2l mm-2m mm-2n mm-2u mm-2v\">Le Centre canadien pour la Grande Guerre (CCGG) a vu le jour en 2014 \u00e0 partir d\u2019une collection priv\u00e9e fond\u00e9e par l\u2019entrepreneur montr\u00e9alais Mark Cahill. Au fil du temps, il est devenu un organisme patrimonial \u00e0 but non lucratif, port\u00e9 par un conseil d\u2019administration engag\u00e9 et une \u00e9quipe professionnelle.<\/div><div class=\"x-text x-content x-hide-lg x-hide-xl e22-e54 mm-27 mm-28 mm-2f mm-2i mm-2k mm-2l mm-2n mm-2v mm-2w mm-2x mm-2y\">Image ci-dessus\u00a0: Ancien espace de collection du CCGG<\/div><\/div><\/div><div class=\"x-div x-hide-md x-hide-sm x-hide-xs e22-e55 mm-38 mm-3a mm-3b mm-3c mm-3e mm-3f mm-3g mm-3i mm-3j mm-3k mm-3m mm-3u\"><div class=\"x-text x-content e22-e56 mm-27 mm-28 mm-2c mm-2e mm-2f mm-2h mm-2k mm-2l mm-2m mm-2n mm-2z\"><p style=\"text-align: left;\">Image ci-dessus\u00a0: Ancien espace de collection du CCGG<\/p><\/div><div class=\"x-text x-content e22-e57 mm-27 mm-28 mm-2c mm-2e mm-2f mm-2h mm-2k mm-2l mm-2m mm-2n mm-2z\"><p>Image \u00e0 droite\u00a0: Uniforme du CEC dans la collection du CCGW<\/p><\/div><\/div><\/div><div class=\"x-col e22-e58 mm-15 mm-1c mm-1m\"><span class=\"x-image e22-e59 mm-4a mm-4b\"><img decoding=\"async\" src=\"https:\/\/greatwarcentre.com\/wp-content\/uploads\/2025\/04\/Leather-chest-rig-1-scaled.jpg\" width=\"679\" height=\"1280\" alt=\"Image\" loading=\"lazy\"><\/span><div class=\"x-div e22-e60 mm-38 mm-3b mm-3e mm-3g mm-3j mm-3k mm-3m mm-3p mm-3v toggle-box\"><div class=\"x-anchor x-anchor-button has-graphic e22-e61 mm-41 mm-42 mm-47 mm-48 toggle-button\" tabindex=\"0\"><div class=\"x-anchor-content\"><span class=\"x-graphic\" aria-hidden=\"true\"><i class=\"x-icon x-graphic-child x-graphic-icon x-graphic-primary\" aria-hidden=\"true\" data-x-icon-o=\"&#xe59e;\"><\/i><\/span><\/div><\/div><div class=\"x-div e22-e62 mm-3b mm-3f mm-3k mm-3q mm-3t mm-3w toggle-content\"><div class=\"x-text x-content e22-e63 mm-27 mm-28 mm-2e mm-2f mm-2i mm-2k mm-2l mm-2m mm-2n mm-2v mm-30\">En 2022, le CCGG a fusionn\u00e9 avec la Fondation Vimy, \u00e9largissant ainsi leur mission commune de pr\u00e9servation et de transmission de l\u2019h\u00e9ritage canadien de la Premi\u00e8re Guerre mondiale. En octobre 2024, le Centre a emm\u00e9nag\u00e9 dans la Maison Louis-Joseph Forget (construite en 1884), un lieu historique offrant un cadre id\u00e9al pour conserver et mettre en valeur sa collection grandissante.<\/div><div class=\"x-text x-content x-hide-lg x-hide-md x-hide-xl e22-e64 mm-27 mm-28 mm-2f mm-2i mm-2k mm-2l mm-2n mm-2v mm-2w mm-2x mm-2y\">Image ci-dessus\u00a0: Uniforme du CEC dans la collection du CCGW<\/div><\/div><\/div><\/div><\/div><\/div><div class=\"x-div x-container max width e22-e65 mm-3b mm-3e mm-3f mm-3j mm-3k mm-3m mm-3x\" id=\"sec-2\"><\/div><\/div><div class=\"x-section e22-e66 mm-0 mm-2 mm-3 mm-4 mm-7 mm-a\"><div class=\"x-row x-container max width e22-e67 mm-h mm-i mm-j mm-m mm-o mm-x\"><div class=\"x-row-inner\"><div class=\"x-col e22-e68 mm-15 mm-18 mm-1f mm-1g\"><div class=\"x-text x-text-headline e22-e69 mm-1s mm-1t mm-1v mm-1y mm-1z mm-20 mm-23 mm-26\"><div class=\"x-text-content\"><div class=\"x-text-content-text\"><h1 class=\"x-text-content-text-primary\">L'\u00e9quipe<\/h1>\n<\/div><\/div><\/div><div class=\"x-text x-content e22-e70 mm-28 mm-2e mm-2h mm-2i mm-2j mm-2k mm-2m mm-2n mm-2o mm-2p mm-31\"><p>D\u00e9couvrez l\u2019\u00e9quipe du CCGG, dont l\u2019engagement \u00e0 pr\u00e9server l\u2019h\u00e9ritage canadien de la Premi\u00e8re Guerre mondiale nous inspire<\/p><\/div><a class=\"x-div e22-e71 mm-3b mm-3e mm-3f mm-3j mm-3k\" href=\"https:\/\/vimyfoundation.ca\/about\/boards\" target=\"_blank\" rel=\"noopener noreferrer\"><div class=\"x-text x-content e22-e72 mm-27 mm-28 mm-29 mm-2b mm-2e mm-2i mm-2k mm-2m mm-2n mm-2r mm-2s mm-32\"><p>Voir l'\u00e9quipe...<\/p><\/div><\/a><\/div><div class=\"x-col x-hide-xs e22-e73 mm-15 mm-1c mm-1h mm-1j mm-1n\"><div class=\"x-bg\" aria-hidden=\"true\"><div class=\"x-bg-layer-lower-image\"><\/div><\/div><div class=\"x-div e22-e74 mm-3b mm-3e mm-3f mm-3j mm-3k mm-3o\"><\/div><\/div><\/div><\/div><\/div><div class=\"x-section e22-e75 mm-0 mm-1 mm-3 mm-4 mm-7 mm-b\"><div class=\"x-row x-container max width e22-e76 mm-h mm-i mm-j mm-o mm-y\"><div class=\"x-row-inner\"><div class=\"x-col e22-e77 mm-15 mm-1c\"><div class=\"x-text x-text-headline e22-e78 mm-1s mm-1t mm-1v mm-1w mm-1y mm-1z mm-20 mm-21\"><div class=\"x-text-content\"><div class=\"x-text-content-text\"><h1 class=\"x-text-content-text-primary\">La collection<\/h1>\n<\/div><\/div><\/div><div class=\"x-text x-content e22-e79 mm-28 mm-2c mm-2e mm-2f mm-2h mm-2k mm-2l mm-2m mm-2n mm-2p mm-33\"><p>La collection du CCGW offre un lien concret avec l\u2019exp\u00e9rience canadienne de la Premi\u00e8re Guerre mondiale. Une s\u00e9lection d\u2019art\u00e9facts est expos\u00e9e au rez-de-chauss\u00e9e, tandis que la majorit\u00e9 de la collection est conserv\u00e9e \u00e0 l\u2019\u00e9tage inf\u00e9rieur et offre aux visiteurs un rare aper\u00e7u de l\u2019ampleur de nos collections.<\/p>\n<p>La collection comprend des m\u00e9dailles, des casques et des uniformes (dont plusieurs avec une provenance connue), de l\u2019\u00e9quipement de tranch\u00e9e, des armes, des plaques comm\u00e9moratives, des lettres, des journaux, des photographies, des \u0153uvres d\u2019art et bien plus encore.<\/p>\n<p>Chaque objet \u00e9claire un aspect de la vie pendant la Grande Guerre, de sa comm\u00e9moration et de la transmission de sa m\u00e9moire aux g\u00e9n\u00e9rations futures.<\/p><\/div><div class=\"x-row e22-e93 mm-h mm-i mm-j mm-o mm-z\"><div class=\"x-row-inner\"><div class=\"x-col e22-e94 mm-15 mm-1c\"><span class=\"x-image e22-e95 mm-4a\"><img decoding=\"async\" src=\"https:\/\/greatwarcentre.com\/wp-content\/uploads\/2025\/05\/Shaw-Wood-Cropped-scaled.jpg\" width=\"640\" height=\"1280\" alt=\"Image\" loading=\"lazy\"><\/span><div class=\"x-text x-content e22-e96 mm-27 mm-28 mm-2b mm-2c mm-2e mm-2f mm-2l mm-2n mm-2r mm-2w mm-2x mm-35\"><p><span data-sheets-root=\"1\">Charles William Kelsey, vitrail d\u00e9di\u00e9 \u00e0 Richard Shaw-Wood<\/span><\/p><\/div><\/div><div class=\"x-col e22-e97 mm-15 mm-1c\"><span class=\"x-image e22-e98 mm-4a\"><img decoding=\"async\" src=\"https:\/\/greatwarcentre.com\/wp-content\/uploads\/2025\/05\/42nd-Officer-1-scaled.jpg\" width=\"602\" height=\"1280\" alt=\"Image\" loading=\"lazy\"><\/span><div class=\"x-text x-content e22-e99 mm-27 mm-28 mm-2b mm-2c mm-2e mm-2f mm-2l mm-2n mm-2r mm-2w mm-2x mm-35\"><p><span data-sheets-root=\"1\">Uniforme d'officier du 42e bataillon<\/span><\/p><\/div><\/div><\/div><\/div><div class=\"x-text x-content e22-e113 mm-27 mm-28 mm-2c mm-2e mm-2f mm-2h mm-2k mm-2l mm-2m mm-2n\"><p>D\u00e9couvrez notre&nbsp;<a style=\"color: #363564; font-weight: 600;\" href=\"http:\/\/ca.greatwarcentre.com\/pawtucket\/index.php\"><span style=\"text-decoration: underline;\">collection, en ligne<\/span>,<\/a> ou en personne en r\u00e9servant votre visite, ou nos expositions num\u00e9riques. Vous pouvez nous contacter par courriel pour prendre rendez-vous afin de consulter la base de donn\u00e9es de notre collection dans notre Centre d'archives et de documentation.<\/p><\/div><\/div><\/div><\/div><div class=\"x-div x-container max width e22-e114 mm-3b mm-3e mm-3f mm-3j mm-3k mm-3m mm-3x\" id=\"sec-3\"><\/div><\/div><\/div><\/div><\/div><\/div><div class=\"x-section e22-e115 mm-0 mm-1 mm-2 mm-3 mm-4 mm-7\"><div class=\"x-row x-container max width e22-e116 mm-h mm-i mm-j mm-o mm-10\"><div class=\"x-row-inner\"><div class=\"x-col e22-e117 mm-15 mm-1c\"><div class=\"x-row x-container max width e22-e118-v0 mm-h mm-j mm-n mm-o mm-11\" style=\"--tco-dcm-3d:#656BB5;--tco-dcm-3g:#656BB5;\"><div class=\"x-row-inner\"><div class=\"x-col e22-e118-v1 mm-15 mm-1c mm-1j mm-1o mm-1p\" style=\"--tco-dcm-3i:url(https:\/\/greatwarcentre.com\/wp-content\/uploads\/2022\/03\/Two-soldiers-wearing-gas-masks-examining-a-Lee-Enfield-rifle.webp);--tco-dcm-3j:center;--tco-dcm-3k:url(https:\/\/greatwarcentre.com\/wp-content\/uploads\/2022\/03\/Two-soldiers-wearing-gas-masks-examining-a-Lee-Enfield-rifle.webp);--tco-dcm-3l:center;--tco-dcm-3m:url(https:\/\/greatwarcentre.com\/wp-content\/uploads\/2022\/03\/Two-soldiers-wearing-gas-masks-examining-a-Lee-Enfield-rifle.webp);--tco-dcm-3n:center;\"><div class=\"x-bg\" aria-hidden=\"true\"><div class=\"x-bg-layer-lower-image\"><\/div><\/div><\/div><div class=\"x-col e22-e118-v2 mm-12 mm-15 mm-17 mm-1a mm-1g mm-1o mm-1q\"><div style=\"--tco-dcm-3o:#D1EEE9;--tco-dcm-3q:#D1EEE9;\" class=\"x-text x-content e22-e118-v3 mm-27 mm-28 mm-29 mm-2b mm-2e mm-2f mm-2n mm-2r mm-36\">Histoires remarquables de la Premi\u00e8re Guerre mondiale<\/div><div style=\"--tco-dcm-3s:#ffffff;--tco-dcm-3u:#ffffff;--tco-dcm-3w:#ffffff;--tco-dcm-3y:#ffffff;\" class=\"x-text x-content e22-e118-v4 mm-27 mm-28 mm-29 mm-2b mm-2d mm-2e mm-2i mm-2j mm-2k mm-2n mm-37\">D\u00e9couvrez nos expositions num\u00e9riques, con\u00e7ues par notre \u00e9quipe d\u00e9vou\u00e9e de chercheurs et de b\u00e9n\u00e9voles.<\/div><a class=\"x-anchor x-anchor-button e22-e118-v5 mm-42 mm-43 mm-48 mm-49\" tabindex=\"0\" style=\"--tco-dcm-40:block;--tco-dcm-41:#D1EEE9;--tco-dcm-45:#ffffff00;--tco-dcm-46:#353564;--tco-dcm-47:#D1EEE9;--tco-dcm-4a:#D1EEE9;--tco-dcm-4b:#D1EEE9;--tco-dcm-4f:#ffffff00;--tco-dcm-4g:#353564;--tco-dcm-4h:#D1EEE9;--tco-dcm-4k:#D1EEE9;--tco-dcm-4l:#D1EEE9;--tco-dcm-4p:#ffffff00;--tco-dcm-4q:#353564;--tco-dcm-4r:#D1EEE9;--tco-dcm-4u:#D1EEE9;--tco-dcm-4v:#D1EEE9;--tco-dcm-4z:#ffffff00;--tco-dcm-50:#353564;--tco-dcm-51:#D1EEE9;--tco-dcm-54:#D1EEE9;\" href=\"\/fr\/category\/exhibitions\/\"><div class=\"x-anchor-content\"><div class=\"x-anchor-text\"><span class=\"x-anchor-text-primary\">Aller aux expositions<\/span><\/div><\/div><\/a><\/div><\/div><\/div><\/div><\/div><\/div><\/div><\/div>","protected":false},"excerpt":{"rendered":"<p>About CCGW About Us Building the Future, Informed by the PastOur MissionFounding StoryThe CollectionOur Mission The Canadian Centre for the Great War (CCGW) is dedicated to preserving artifacts and archives of Canada&rsquo;s First World War experience and promoting public understanding of this pivotal chapter in our history.Achieving our Mission As the museum unit of The Vimy Foundation, the Canadian Centre&hellip;<\/p>","protected":false},"author":1,"featured_media":464,"parent":0,"menu_order":0,"comment_status":"closed","ping_status":"closed","template":"","meta":{"_acf_changed":false,"footnotes":""},"class_list":["post-22","page","type-page","status-publish","has-post-thumbnail","hentry"],"acf":[],"jetpack_sharing_enabled":true,"_links":{"self":[{"href":"https:\/\/greatwarcentre.com\/fr\/wp-json\/wp\/v2\/pages\/22","targetHints":{"allow":["GET"]}}],"collection":[{"href":"https:\/\/greatwarcentre.com\/fr\/wp-json\/wp\/v2\/pages"}],"about":[{"href":"https:\/\/greatwarcentre.com\/fr\/wp-json\/wp\/v2\/types\/page"}],"author":[{"embeddable":true,"href":"https:\/\/greatwarcentre.com\/fr\/wp-json\/wp\/v2\/users\/1"}],"replies":[{"embeddable":true,"href":"https:\/\/greatwarcentre.com\/fr\/wp-json\/wp\/v2\/comments?post=22"}],"version-history":[{"count":62,"href":"https:\/\/greatwarcentre.com\/fr\/wp-json\/wp\/v2\/pages\/22\/revisions"}],"predecessor-version":[{"id":1045,"href":"https:\/\/greatwarcentre.com\/fr\/wp-json\/wp\/v2\/pages\/22\/revisions\/1045"}],"wp:featuredmedia":[{"embeddable":true,"href":"https:\/\/greatwarcentre.com\/fr\/wp-json\/wp\/v2\/media\/464"}],"wp:attachment":[{"href":"https:\/\/greatwarcentre.com\/fr\/wp-json\/wp\/v2\/media?parent=22"}],"curies":[{"name":"wp","href":"https:\/\/api.w.org\/{rel}","templated":true}]}}