{"id":951,"date":"2025-11-10T15:07:01","date_gmt":"2025-11-10T15:07:01","guid":{"rendered":"https:\/\/greatwarcentre.com\/?page_id=951"},"modified":"2025-11-10T17:33:54","modified_gmt":"2025-11-10T17:33:54","slug":"services","status":"publish","type":"page","link":"https:\/\/greatwarcentre.com\/fr\/services\/","title":{"rendered":"Services"},"content":{"rendered":"<div id=\"cs-content\" class=\"cs-content\"><div class=\"x-section e951-e1 mqf-0 mqf-1\"><div class=\"x-row x-container max width e951-e2 mqf-3 mqf-4 mqf-6 mqf-7\"><div class=\"x-bg\" aria-hidden=\"true\"><div class=\"x-bg-layer-lower-image\"><\/div><\/div><div class=\"x-row-inner\"><div class=\"x-col e951-e3 mqf-a mqf-b mqf-c\" style=\"--tco-dcqf-0:url(https:\/\/greatwarcentre.com\/wp-content\/uploads\/2025\/03\/Panel_5b_Booth.webp);--tco-dcqf-1:url(https:\/\/greatwarcentre.com\/wp-content\/uploads\/2025\/03\/Panel_5b_Booth.webp);--tco-dcqf-2:url(https:\/\/greatwarcentre.com\/wp-content\/uploads\/2025\/03\/Panel_5b_Booth.webp);\"><div class=\"x-bg\" aria-hidden=\"true\"><div class=\"x-bg-layer-lower-image\"><\/div><div class=\"x-bg-layer-upper-color\"><\/div><\/div><div class=\"x-row x-container max width e951-e4 mqf-4 mqf-5 mqf-6 mqf-8\"><div class=\"x-row-inner\"><div class=\"x-col e951-e5 mqf-a mqf-c mqf-d\"><div class=\"x-text x-text-headline e951-e6 mqf-f\"><div class=\"x-text-content\"><div class=\"x-text-content-text\"><h1 class=\"x-text-content-text-primary\"><span data-sheets-root=\"1\">Services<\/span><\/h1>\n<\/div><\/div><\/div><\/div><\/div><\/div><\/div><\/div><\/div><\/div><div class=\"x-section e951-e7 mqf-0 mqf-2\"><div class=\"x-row x-container max width e951-e8 mqf-4 mqf-5 mqf-6 mqf-9\"><div class=\"x-row-inner\"><div class=\"x-col e951-e9 mqf-c mqf-e\"><div class=\"x-grid x-container max width e951-e10 mqf-g\"><div class=\"x-cell e951-e11 mqf-h mqf-i\"><div class=\"x-div x-container max width e951-e12 mqf-j mqf-k\"><div class=\"x-bg\" aria-hidden=\"true\"><div class=\"x-bg-layer-lower-image\"><\/div><\/div><\/div><div class=\"x-text x-content e951-e13 mqf-m mqf-n\">Expositions itin\u00e9rantes<\/div><div class=\"x-text x-content e951-e14 mqf-m mqf-o\"><p>Chaque installation est con\u00e7ue pour inspirer le dialogue, la r\u00e9flexion et les liens au sein de votre communaut\u00e9, que ce soit dans une biblioth\u00e8que, une galerie, une \u00e9cole ou un centre culturel.<\/p><\/div><a class=\"x-anchor x-anchor-button e951-e15 mqf-p\" tabindex=\"0\" href=\"\/fr\/travelling-exhibitions\/\"><div class=\"x-anchor-content\"><div class=\"x-anchor-text\"><span class=\"x-anchor-text-primary\">En savoir plus<\/span><\/div><\/div><\/a><\/div><div class=\"x-cell e951-e16 mqf-h mqf-i\"><div class=\"x-div x-container max width e951-e17 mqf-j mqf-l\"><div class=\"x-bg\" aria-hidden=\"true\"><div class=\"x-bg-layer-lower-image\"><\/div><\/div><\/div><div class=\"x-text x-content e951-e18 mqf-m mqf-n\"><p>Opportunit\u00e9s<\/p><\/div><div class=\"x-text x-content e951-e19 mqf-m mqf-o\"><p>Nous sommes fiers d'offrir des possibilit\u00e9s de b\u00e9n\u00e9volat et des exp\u00e9riences de travail uniques. Venez rejoindre notre \u00e9quipe en pleine expansion au Centre canadien pour la Grande Guerre.<\/p><\/div><a class=\"x-anchor x-anchor-button e951-e20 mqf-p\" tabindex=\"0\" href=\"\/fr\/work\/\"><div class=\"x-anchor-content\"><div class=\"x-anchor-text\"><span class=\"x-anchor-text-primary\">En apprendre davantage<\/span><\/div><\/div><\/a><\/div><div class=\"x-cell e951-e21 mqf-h\"><\/div><div class=\"x-cell e951-e22 mqf-h\"><\/div><\/div><\/div><\/div><\/div><\/div><\/div>","protected":false},"excerpt":{"rendered":"<p>Services Travelling ExhibitionEach installation is designed to inspire dialogue, reflection, and connection within your community whether in a library, gallery, school, or cultural centre.Learn moreOpportunitiesWe are proud to offer Volunteer opportunities and unique work experiences. Come join our growing team at the Canadian Centre for the Great War.Find out more<\/p>","protected":false},"author":1,"featured_media":95,"parent":0,"menu_order":0,"comment_status":"closed","ping_status":"closed","template":"template-blank-4.php","meta":{"_acf_changed":false,"footnotes":""},"class_list":["post-951","page","type-page","status-publish","has-post-thumbnail","hentry"],"acf":[],"jetpack_sharing_enabled":true,"_links":{"self":[{"href":"https:\/\/greatwarcentre.com\/fr\/wp-json\/wp\/v2\/pages\/951","targetHints":{"allow":["GET"]}}],"collection":[{"href":"https:\/\/greatwarcentre.com\/fr\/wp-json\/wp\/v2\/pages"}],"about":[{"href":"https:\/\/greatwarcentre.com\/fr\/wp-json\/wp\/v2\/types\/page"}],"author":[{"embeddable":true,"href":"https:\/\/greatwarcentre.com\/fr\/wp-json\/wp\/v2\/users\/1"}],"replies":[{"embeddable":true,"href":"https:\/\/greatwarcentre.com\/fr\/wp-json\/wp\/v2\/comments?post=951"}],"version-history":[{"count":5,"href":"https:\/\/greatwarcentre.com\/fr\/wp-json\/wp\/v2\/pages\/951\/revisions"}],"predecessor-version":[{"id":980,"href":"https:\/\/greatwarcentre.com\/fr\/wp-json\/wp\/v2\/pages\/951\/revisions\/980"}],"wp:featuredmedia":[{"embeddable":true,"href":"https:\/\/greatwarcentre.com\/fr\/wp-json\/wp\/v2\/media\/95"}],"wp:attachment":[{"href":"https:\/\/greatwarcentre.com\/fr\/wp-json\/wp\/v2\/media?parent=951"}],"curies":[{"name":"wp","href":"https:\/\/api.w.org\/{rel}","templated":true}]}}